{"id":672,"date":"2026-04-09T10:50:14","date_gmt":"2026-04-09T08:50:14","guid":{"rendered":"https:\/\/dreidee.org\/?page_id=672"},"modified":"2026-04-09T13:54:03","modified_gmt":"2026-04-09T11:54:03","slug":"unionhalle-siemensstrasse-20a-10551-berlin","status":"publish","type":"page","link":"https:\/\/dreidee.org\/?page_id=672","title":{"rendered":"Unionhalle (Siemensstra\u00dfe 20A, 10551 Berlin)"},"content":{"rendered":"\n<h2 class=\"wp-block-heading\">Vor dem Spielbetrieb \/ Aufbau<\/h2>\n\n\n\n<ol class=\"wp-block-list\">\n<li><strong>Halle aufschlie\u00dfen<\/strong>\n<ul class=\"wp-block-list\">\n<li>Den Knopf am Anh\u00e4nger des Schl\u00fcsselbunds nahe des metallenen Knaufs an der T\u00fcr f\u00fcr einen Moment dr\u00fccken, bis man ein leises Piepen h\u00f6rt. <\/li>\n\n\n\n<li>Dann den metallenen Knauf drehen und die T\u00fcr aufziehen. <\/li>\n\n\n\n<li>Die T\u00fcr bitte immer in Schloss fallen lassen (Diebstahlgefahr)!<\/li>\n<\/ul>\n<\/li>\n\n\n\n<li><strong>Kiste aus dem Keller holen<\/strong>\n<ul class=\"wp-block-list\">\n<li>Die Kiste mit dem Material befindet sich im Untergeschoss von der Treppe kommend im rechten Gang (Richtung Herrenumkleiden) im Materialraum (dritte T\u00fcr nach der Glast\u00fcr). <\/li>\n\n\n\n<li>Die Kiste steht manchmal am Boden, manchmal steht sie auf einem der Schr\u00e4nke. <\/li>\n\n\n\n<li>Einfach die ganze Kiste schnappen und nach oben in die Halle bringen (ggf. warten bis die Nutzer vor uns fertig sind). <\/li>\n\n\n\n<li>T\u00fcr zum Materialraum immer abschlie\u00dfen, auch f\u00fcr die Dauer des Spielbetriebs.<\/li>\n<\/ul>\n<\/li>\n\n\n\n<li><strong>Klingel anbringen<\/strong>\n<ul class=\"wp-block-list\">\n<li>In der Materialkiste ist eine Klingel und ein Klingelknopf. <\/li>\n\n\n\n<li>Die Klingel selbst (gro\u00dfe schwarze Box) einfach nahe der Kiste liegen lassen. <\/li>\n\n\n\n<li>Den Klingelknopf vor der T\u00fcr mithilfe der Magnete anbringen. <\/li>\n\n\n\n<li>So k\u00f6nnen sp\u00e4ter kommende Spieler:innen sich bemerkbar machen, ohne die T\u00fcr offenstehen lassen zu m\u00fcssen.<\/li>\n<\/ul>\n<\/li>\n\n\n\n<li><strong>Licht\/Fenster\/Jalousien<\/strong><br>In der Lehrerkabine befinden sich Schalter an der Wand beim Fenster zur Halle.\n<ul class=\"wp-block-list\">\n<li>Licht: ist meist schon an, sonst einfach kurz dr\u00fccken<\/li>\n\n\n\n<li>Fenster: es empfiehlt sich, die Fenster w\u00e4hrend des Aufbaus kurz zu \u00f6ffnen und zu l\u00fcften. Im Gegensatz zum Licht dauert es einen Moment, bis man sieht, ob die Fenster reagieren. Schalter kurz gedr\u00fcckt halten und Fenster beobachten, ob&#8217;s tut.<\/li>\n\n\n\n<li>Jalousien: Die Jalousien brauchen noch l\u00e4nger als die Fenster, bis man erkennt, ob sie sich bewegen. Die Schalter m\u00fcssen ebenfalls relativ deutlich gedr\u00fcckt werden. Achtung: Bei starkem Wind die Joulousien nicht bei ge\u00f6ffneten Fenstern unten lassen, da die Jalousien windanf\u00e4llig sind, dann ggf. notabgeschaltet werden und potentiell mehrere Wochen nicht bedienbar sind. Die Jalousien haben zwei Kipppositionen, wenn sie stehen. Um zwischen den Kipppositionen zu wechseln, den Schalter nur kurz entweder nach oben oder unten dr\u00fccken.<\/li>\n<\/ul>\n<\/li>\n\n\n\n<li><strong>Tore aufschlie\u00dfen<\/strong>\n<ul class=\"wp-block-list\">\n<li>Im Schl\u00fcsselsafe \u00fcber den Schaltern befindet sich der Schl\u00fcssel f\u00fcr die Materialtore in der Halle. Der Code f\u00fcr den Schl\u00fcsselsafe ist in der Gruppenbeschreibung in WhatsApp und Signal zu finden. Einfach aufklappen, Code eintippen und Riegel oben drehen, dann geht der Schl\u00fcsselsafe auf.<\/li>\n<\/ul>\n<\/li>\n\n\n\n<li><strong>Felder aufbauen<\/strong>\n<ul class=\"wp-block-list\">\n<li>Metallendst\u00fctzen und Mittelst\u00fctzen aus den jeweiligen Toren holen.<\/li>\n<\/ul>\n<\/li>\n<\/ol>\n","protected":false},"excerpt":{"rendered":"<p>Vor dem Spielbetrieb \/ Aufbau<\/p>\n","protected":false},"author":1,"featured_media":0,"parent":0,"menu_order":0,"comment_status":"closed","ping_status":"closed","template":"","meta":{"pgc_sgb_lightbox_settings":"","footnotes":""},"class_list":["post-672","page","type-page","status-publish","hentry"],"_links":{"self":[{"href":"https:\/\/dreidee.org\/index.php?rest_route=\/wp\/v2\/pages\/672","targetHints":{"allow":["GET"]}}],"collection":[{"href":"https:\/\/dreidee.org\/index.php?rest_route=\/wp\/v2\/pages"}],"about":[{"href":"https:\/\/dreidee.org\/index.php?rest_route=\/wp\/v2\/types\/page"}],"author":[{"embeddable":true,"href":"https:\/\/dreidee.org\/index.php?rest_route=\/wp\/v2\/users\/1"}],"replies":[{"embeddable":true,"href":"https:\/\/dreidee.org\/index.php?rest_route=%2Fwp%2Fv2%2Fcomments&post=672"}],"version-history":[{"count":2,"href":"https:\/\/dreidee.org\/index.php?rest_route=\/wp\/v2\/pages\/672\/revisions"}],"predecessor-version":[{"id":722,"href":"https:\/\/dreidee.org\/index.php?rest_route=\/wp\/v2\/pages\/672\/revisions\/722"}],"wp:attachment":[{"href":"https:\/\/dreidee.org\/index.php?rest_route=%2Fwp%2Fv2%2Fmedia&parent=672"}],"curies":[{"name":"wp","href":"https:\/\/api.w.org\/{rel}","templated":true}]}}