{"id":670,"date":"2026-04-09T10:48:55","date_gmt":"2026-04-09T08:48:55","guid":{"rendered":"https:\/\/dreidee.org\/?page_id=670"},"modified":"2026-04-09T17:51:41","modified_gmt":"2026-04-09T15:51:41","slug":"altonaer-strasse-sporthalle-gymnasium-tiergarten","status":"publish","type":"page","link":"https:\/\/dreidee.org\/?page_id=670","title":{"rendered":"Gymnasium Tiergarten (Altonaer Stra\u00dfe 26, 10555 Berlin)"},"content":{"rendered":"\n<p>Die folgenden Schritte sind zu beachten:<\/p>\n\n\n\n<ul class=\"wp-block-list\">\n<li><a href=\"#aufbauDE\">Aufbau<\/a> (mit Fotos)<\/li>\n\n\n\n<li><a href=\"#wissen\">Wissenswertes und Nerviges<\/a><\/li>\n\n\n\n<li><a href=\"#abbauDE\">Abbau<\/a><\/li>\n<\/ul>\n\n\n\n<h2 class=\"wp-block-heading\" id=\"aufbauDE\">Aufbau \/ Vor dem Spiel<\/h2>\n\n\n\n<p>Sinnvollste Reihenfolge ungef\u00e4hr so&#8230;<\/p>\n\n\n\n<div class=\"wp-block-columns is-layout-flex wp-container-core-columns-is-layout-9d6595d7 wp-block-columns-is-layout-flex\">\n<div class=\"wp-block-column is-layout-flow wp-block-column-is-layout-flow\" style=\"flex-basis:66.66%\">\n<ol class=\"wp-block-list\">\n<li><strong>Halle aufschlie\u00dfen<\/strong>\n<ul class=\"wp-block-list\">\n<li>Den Knopf am Anh\u00e4nger des Hallenschl\u00fcssels (<a href=\"#schluessel\">siehe Foto: A<\/a>) nahe des metallenen Knaufs an der T\u00fcr (<a href=\"#eingang\">siehe Foto: A<\/a>) f\u00fcr einen Moment dr\u00fccken, bis man ein leises Piepen h\u00f6rt. <\/li>\n\n\n\n<li>Dann den metallenen Knauf drehen und die T\u00fcr aufziehen. <\/li>\n\n\n\n<li><strong>Hinweis<\/strong>: Die T\u00fcr bitte immer ins Schloss fallen lassen (Diebstahlgefahr)!<\/li>\n<\/ul>\n<\/li>\n\n\n\n<li><strong>Kiste aus dem Keller holen<\/strong>\n<ul class=\"wp-block-list\">\n<li>Die Kiste mit dem Material befindet sich im Untergeschoss von der Treppe kommend im rechten Gang (Richtung Herrenumkleiden) im Materialraum (dritte T\u00fcr nach der Glast\u00fcr). <\/li>\n\n\n\n<li>Die Kiste steht manchmal am Boden, manchmal steht sie auf einem der Schr\u00e4nke (<a href=\"#matraum\">siehe Foto<\/a>).<\/li>\n\n\n\n<li>Einfach die ganze Kiste schnappen und nach oben in die Halle bringen (ggf. warten bis die Nutzer:innen vor uns fertig sind &#8211; <a href=\"#kiste\">siehe Foto<\/a>).<\/li>\n\n\n\n<li>T\u00fcr zum Materialraum immer abschlie\u00dfen, auch f\u00fcr die Dauer des Spielbetriebs.<\/li>\n<\/ul>\n<\/li>\n\n\n\n<li><strong>Klingel anbringen<\/strong>\n<ul class=\"wp-block-list\">\n<li>In der Materialkiste ist eine Klingel und ein Klingelknopf (<a href=\"#klingel\">siehe Foto<\/a>). <\/li>\n\n\n\n<li>Die Klingel selbst (gro\u00dfe schwarze Box) einfach nahe der Kiste liegen lassen. <\/li>\n\n\n\n<li>Den (magnetischen) Klingelknopf vor der T\u00fcr anbringen (<a href=\"#eingang\">siehe Foto: B<\/a>). <\/li>\n\n\n\n<li>So k\u00f6nnen sp\u00e4ter kommende Spieler:innen sich bemerkbar machen, ohne die T\u00fcr offen stehenlassen zu m\u00fcssen.<\/li>\n<\/ul>\n<\/li>\n\n\n\n<li><strong>Licht\/Fenster\/Jalousien<\/strong><br>In der Lehrerkabine befinden sich Schalter an der Wand beim Fenster zur Halle (<a href=\"#schalter\">siehe Foto A, B, C<\/a>).\n<ul class=\"wp-block-list\">\n<li>Licht (A): ist meist schon an, sonst einfach kurz dr\u00fccken<\/li>\n\n\n\n<li>Fenster (B): es empfiehlt sich, die Fenster w\u00e4hrend des Aufbaus kurz zu \u00f6ffnen und zu l\u00fcften. Im Gegensatz zum Licht dauert es einen Moment, bis man sieht, ob die Fenster reagieren. Schalter kurz gedr\u00fcckt halten und Fenster beobachten, ob&#8217;s tut.<\/li>\n\n\n\n<li>Jalousien (C): Die Jalousien brauchen noch l\u00e4nger als die Fenster, bis man erkennt, ob sie sich bewegen. Die Schalter m\u00fcssen ebenfalls relativ deutlich gedr\u00fcckt werden. Achtung: Bei starkem Wind die Joulousien nicht bei ge\u00f6ffneten Fenstern unten lassen, da die Jalousien windanf\u00e4llig sind, dann ggf. notabgeschaltet werden und potentiell mehrere Wochen nicht bedienbar sind. Die Jalousien haben zwei Kipppositionen, wenn sie stehen. Um zwischen den Kipppositionen zu wechseln, den Schalter nur kurz entweder nach oben oder unten dr\u00fccken.<\/li>\n<\/ul>\n<\/li>\n\n\n\n<li><strong>Vorhang \u00f6ffnen<\/strong>\n<ul class=\"wp-block-list\">\n<li>Ggf. muss der Vorhang hochgefahren werden. <\/li>\n\n\n\n<li>Daf\u00fcr befindet sich direkt nach der T\u00fcr in die Halle links ein Bedienelement an der Wand (<a href=\"#bedienelement\">siehe Foto<\/a>). Damit kann man mit dem Hallenschl\u00fcssel den Vorhang hochfahren.<\/li>\n\n\n\n<li>Der Vorhang kann nach dem Spiel oben bleiben.<\/li>\n<\/ul>\n<\/li>\n\n\n\n<li><strong>Tore aufschlie\u00dfen<\/strong>\n<ul class=\"wp-block-list\">\n<li>Im Schl\u00fcsselsafe \u00fcber den Schaltern befindet sich der Schl\u00fcssel f\u00fcr die Tore in der Halle (<a href=\"#safe\">siehe Foto<\/a>). <\/li>\n\n\n\n<li>Der Code f\u00fcr den Schl\u00fcsselsafe ist in der Gruppenbeschreibung in WhatsApp und Signal zu finden. <\/li>\n\n\n\n<li>Einfach aufklappen, Code eintippen und Riegel oben drehen, dann geht der Schl\u00fcsselsafe auf.<br><strong>Hinweis<\/strong>: Der Schl\u00fcssel muss in der Halle bleiben!<\/li>\n<\/ul>\n<\/li>\n\n\n\n<li><strong>Felder aufbauen<\/strong>\n<ul class=\"wp-block-list\">\n<li>Metallendst\u00fctzen (<a href=\"#tor1li\">siehe Foto<\/a>) und Mittelst\u00fctzen (<a href=\"#tor1re\">siehe Foto<\/a>) aus den jeweiligen Toren holen.<\/li>\n\n\n\n<li>Netz an den Metallendst\u00fctzen einh\u00e4ngen.<br><strong>Achtung<\/strong>: Es darf nur die Leine eingeh\u00e4ngt und gespannt werden, auf der das Netz aufgef\u00e4delt ist, NICHT die Abspannf\u00e4den in den \u00d6sen, da sonst das Netz rei\u00dfen kann!<\/li>\n\n\n\n<li>Netz auf die Mittelst\u00fctze auflegen. <br><strong>Richtige H\u00f6he<\/strong>: Auflagefl\u00e4che bei 1,55 m, d. h. der Haken klemmt auf 1,60 m.<\/li>\n\n\n\n<li>Netz spannen, indem die \u00e4u\u00dfere Metallendst\u00fctze nach au\u00dfen (in die Tore) geschoben wird, bis das Netz ausreichend straff ist.<\/li>\n\n\n\n<li>Abspannf\u00e4den nach Belieben befestigen&#8230; oder auch nicht.<\/li>\n<\/ul>\n<\/li>\n\n\n\n<li><strong>Basketballk\u00f6rbe<\/strong>\n<ul class=\"wp-block-list\">\n<li>Gelegentlich sind die Basketballk\u00f6rbe ausgefahren und ragen in die Spielfelder (<a href=\"#basketballkorb\">siehe Foto<\/a>).<\/li>\n\n\n\n<li>Die vier K\u00f6rbe an den L\u00e4ngsseiten k\u00f6nnen mithilfe einer Kurbelstange (\u00fcblicherweise hinter dem dritten Tor von links &#8211; in Richtung der Tore blickend &#8211; zu finden) gel\u00f6st und weggeschoben werden.<\/li>\n\n\n\n<li>Die zwei K\u00f6rbe an den Kopfseiten k\u00f6nnen mithilfe des Schl\u00fcssels f\u00fcr die Halle an den jeweiligen Seitenw\u00e4nden \u00fcber \u00e4hnliche Bedienelemente wie der Vorhang hochgefahren werden.<\/li>\n\n\n\n<li>Die Basketballk\u00f6rbe m\u00fcssen wir nicht wieder zur\u00fcckstellen.<\/li>\n<\/ul>\n<\/li>\n<\/ol>\n<\/div>\n\n\n\n<div class=\"wp-block-column is-layout-flow wp-block-column-is-layout-flow\" style=\"flex-basis:33.33%\">\n<figure class=\"wp-block-image size-large\" id=\"schluessel\"><a href=\"https:\/\/dreidee.org\/wp-content\/uploads\/dieschluessel_web-scaled.jpg\"><img loading=\"lazy\" decoding=\"async\" width=\"1024\" height=\"576\" src=\"https:\/\/dreidee.org\/wp-content\/uploads\/dieschluessel_web-1024x576.jpg\" alt=\"\" class=\"wp-image-739\" srcset=\"https:\/\/dreidee.org\/wp-content\/uploads\/dieschluessel_web-1024x576.jpg 1024w, https:\/\/dreidee.org\/wp-content\/uploads\/dieschluessel_web-300x169.jpg 300w, https:\/\/dreidee.org\/wp-content\/uploads\/dieschluessel_web-768x432.jpg 768w, https:\/\/dreidee.org\/wp-content\/uploads\/dieschluessel_web-1536x864.jpg 1536w, https:\/\/dreidee.org\/wp-content\/uploads\/dieschluessel_web-2048x1153.jpg 2048w\" sizes=\"auto, (max-width: 767px) 89vw, (max-width: 1000px) 54vw, (max-width: 1071px) 543px, 580px\" \/><\/a><figcaption class=\"wp-element-caption\">Hallenschl\u00fcssel (A) und Schl\u00fcssel f\u00fcr die Tore (B)<\/figcaption><\/figure>\n\n\n\n<figure class=\"wp-block-image size-large\" id=\"eingang\"><a href=\"https:\/\/dreidee.org\/wp-content\/uploads\/klingelknopf_web-scaled.jpg\"><img loading=\"lazy\" decoding=\"async\" width=\"576\" height=\"1024\" src=\"https:\/\/dreidee.org\/wp-content\/uploads\/klingelknopf_web-576x1024.jpg\" alt=\"\" class=\"wp-image-740\" srcset=\"https:\/\/dreidee.org\/wp-content\/uploads\/klingelknopf_web-576x1024.jpg 576w, https:\/\/dreidee.org\/wp-content\/uploads\/klingelknopf_web-169x300.jpg 169w, https:\/\/dreidee.org\/wp-content\/uploads\/klingelknopf_web-768x1365.jpg 768w, https:\/\/dreidee.org\/wp-content\/uploads\/klingelknopf_web-864x1536.jpg 864w, https:\/\/dreidee.org\/wp-content\/uploads\/klingelknopf_web-1153x2048.jpg 1153w, https:\/\/dreidee.org\/wp-content\/uploads\/klingelknopf_web-scaled.jpg 1441w\" sizes=\"auto, (max-width: 576px) 100vw, 576px\" \/><\/a><figcaption class=\"wp-element-caption\">Halle aufschlie\u00dfen (A) und Klingelknopf (B) anbringen<\/figcaption><\/figure>\n\n\n\n<figure class=\"wp-block-image size-large\" id=\"matraum\"><a href=\"https:\/\/dreidee.org\/wp-content\/uploads\/materialraum-scaled.jpg\"><img loading=\"lazy\" decoding=\"async\" width=\"576\" height=\"1024\" src=\"https:\/\/dreidee.org\/wp-content\/uploads\/materialraum-576x1024.jpg\" alt=\"\" class=\"wp-image-733\" srcset=\"https:\/\/dreidee.org\/wp-content\/uploads\/materialraum-576x1024.jpg 576w, https:\/\/dreidee.org\/wp-content\/uploads\/materialraum-169x300.jpg 169w, https:\/\/dreidee.org\/wp-content\/uploads\/materialraum-768x1365.jpg 768w, https:\/\/dreidee.org\/wp-content\/uploads\/materialraum-864x1536.jpg 864w, https:\/\/dreidee.org\/wp-content\/uploads\/materialraum-1153x2048.jpg 1153w, https:\/\/dreidee.org\/wp-content\/uploads\/materialraum-scaled.jpg 1441w\" sizes=\"auto, (max-width: 576px) 100vw, 576px\" \/><\/a><figcaption class=\"wp-element-caption\">Kiste im Materialraum<\/figcaption><\/figure>\n\n\n\n<figure class=\"wp-block-image size-large\" id=\"kiste\"><a href=\"https:\/\/dreidee.org\/wp-content\/uploads\/diekiste_web-scaled.jpg\"><img loading=\"lazy\" decoding=\"async\" width=\"1024\" height=\"576\" src=\"https:\/\/dreidee.org\/wp-content\/uploads\/diekiste_web-1024x576.jpg\" alt=\"\" class=\"wp-image-730\" srcset=\"https:\/\/dreidee.org\/wp-content\/uploads\/diekiste_web-1024x576.jpg 1024w, https:\/\/dreidee.org\/wp-content\/uploads\/diekiste_web-300x169.jpg 300w, https:\/\/dreidee.org\/wp-content\/uploads\/diekiste_web-768x432.jpg 768w, https:\/\/dreidee.org\/wp-content\/uploads\/diekiste_web-1536x864.jpg 1536w, https:\/\/dreidee.org\/wp-content\/uploads\/diekiste_web-2048x1153.jpg 2048w\" sizes=\"auto, (max-width: 767px) 89vw, (max-width: 1000px) 54vw, (max-width: 1071px) 543px, 580px\" \/><\/a><figcaption class=\"wp-element-caption\">Die &#8222;Kiste&#8220;<\/figcaption><\/figure>\n\n\n\n<figure class=\"wp-block-image size-large\" id=\"klingel\"><a href=\"https:\/\/dreidee.org\/wp-content\/uploads\/klingel-scaled.jpg\"><img loading=\"lazy\" decoding=\"async\" width=\"576\" height=\"1024\" src=\"https:\/\/dreidee.org\/wp-content\/uploads\/klingel-576x1024.jpg\" alt=\"\" class=\"wp-image-734\" srcset=\"https:\/\/dreidee.org\/wp-content\/uploads\/klingel-576x1024.jpg 576w, https:\/\/dreidee.org\/wp-content\/uploads\/klingel-169x300.jpg 169w, https:\/\/dreidee.org\/wp-content\/uploads\/klingel-768x1365.jpg 768w, https:\/\/dreidee.org\/wp-content\/uploads\/klingel-864x1536.jpg 864w, https:\/\/dreidee.org\/wp-content\/uploads\/klingel-1153x2048.jpg 1153w, https:\/\/dreidee.org\/wp-content\/uploads\/klingel-scaled.jpg 1441w\" sizes=\"auto, (max-width: 576px) 100vw, 576px\" \/><\/a><figcaption class=\"wp-element-caption\">Klingel und Klingelknopf<\/figcaption><\/figure>\n\n\n\n<figure class=\"wp-block-image size-large is-style-default\" id=\"schalter\"><a href=\"https:\/\/dreidee.org\/wp-content\/uploads\/schalter_wand_web-scaled.jpg\"><img loading=\"lazy\" decoding=\"async\" width=\"1024\" height=\"576\" src=\"https:\/\/dreidee.org\/wp-content\/uploads\/schalter_wand_web-1024x576.jpg\" alt=\"\" class=\"wp-image-735\" srcset=\"https:\/\/dreidee.org\/wp-content\/uploads\/schalter_wand_web-1024x576.jpg 1024w, https:\/\/dreidee.org\/wp-content\/uploads\/schalter_wand_web-300x169.jpg 300w, https:\/\/dreidee.org\/wp-content\/uploads\/schalter_wand_web-768x432.jpg 768w, https:\/\/dreidee.org\/wp-content\/uploads\/schalter_wand_web-1536x864.jpg 1536w, https:\/\/dreidee.org\/wp-content\/uploads\/schalter_wand_web-2048x1153.jpg 2048w\" sizes=\"auto, (max-width: 767px) 89vw, (max-width: 1000px) 54vw, (max-width: 1071px) 543px, 580px\" \/><\/a><figcaption class=\"wp-element-caption\">Schalter f\u00fcr Licht (A), Fenster (B), Jalousien (C) und Schl\u00fcsselsafe (D)<\/figcaption><\/figure>\n\n\n\n<figure class=\"wp-block-image size-large\" id=\"safe\"><a href=\"https:\/\/dreidee.org\/wp-content\/uploads\/schluesselsafe-scaled.jpg\"><img loading=\"lazy\" decoding=\"async\" width=\"576\" height=\"1024\" src=\"https:\/\/dreidee.org\/wp-content\/uploads\/schluesselsafe-576x1024.jpg\" alt=\"\" class=\"wp-image-737\" srcset=\"https:\/\/dreidee.org\/wp-content\/uploads\/schluesselsafe-576x1024.jpg 576w, https:\/\/dreidee.org\/wp-content\/uploads\/schluesselsafe-169x300.jpg 169w, https:\/\/dreidee.org\/wp-content\/uploads\/schluesselsafe-768x1365.jpg 768w, https:\/\/dreidee.org\/wp-content\/uploads\/schluesselsafe-864x1536.jpg 864w, https:\/\/dreidee.org\/wp-content\/uploads\/schluesselsafe-1153x2048.jpg 1153w, https:\/\/dreidee.org\/wp-content\/uploads\/schluesselsafe-scaled.jpg 1441w\" sizes=\"auto, (max-width: 576px) 100vw, 576px\" \/><\/a><figcaption class=\"wp-element-caption\">Schl\u00fcsselsafe<\/figcaption><\/figure>\n\n\n\n<figure class=\"wp-block-image size-large\" id=\"bedienelement\"><a href=\"https:\/\/dreidee.org\/wp-content\/uploads\/bedienelement_vorhang-scaled.jpg\"><img loading=\"lazy\" decoding=\"async\" width=\"576\" height=\"1024\" src=\"https:\/\/dreidee.org\/wp-content\/uploads\/bedienelement_vorhang-576x1024.jpg\" alt=\"\" class=\"wp-image-736\" srcset=\"https:\/\/dreidee.org\/wp-content\/uploads\/bedienelement_vorhang-576x1024.jpg 576w, https:\/\/dreidee.org\/wp-content\/uploads\/bedienelement_vorhang-169x300.jpg 169w, https:\/\/dreidee.org\/wp-content\/uploads\/bedienelement_vorhang-768x1365.jpg 768w, https:\/\/dreidee.org\/wp-content\/uploads\/bedienelement_vorhang-864x1536.jpg 864w, https:\/\/dreidee.org\/wp-content\/uploads\/bedienelement_vorhang-1153x2048.jpg 1153w, https:\/\/dreidee.org\/wp-content\/uploads\/bedienelement_vorhang-scaled.jpg 1441w\" sizes=\"auto, (max-width: 576px) 100vw, 576px\" \/><\/a><figcaption class=\"wp-element-caption\">Bedienelement f\u00fcr Vorhang und Basketballk\u00f6rbe<\/figcaption><\/figure>\n\n\n\n<figure class=\"wp-block-image size-large\" id=\"basketballkorb\"><a href=\"https:\/\/dreidee.org\/wp-content\/uploads\/basketballkoerbe-scaled.jpg\"><img loading=\"lazy\" decoding=\"async\" width=\"576\" height=\"1024\" src=\"https:\/\/dreidee.org\/wp-content\/uploads\/basketballkoerbe-576x1024.jpg\" alt=\"\" class=\"wp-image-738\" srcset=\"https:\/\/dreidee.org\/wp-content\/uploads\/basketballkoerbe-576x1024.jpg 576w, https:\/\/dreidee.org\/wp-content\/uploads\/basketballkoerbe-169x300.jpg 169w, https:\/\/dreidee.org\/wp-content\/uploads\/basketballkoerbe-768x1365.jpg 768w, https:\/\/dreidee.org\/wp-content\/uploads\/basketballkoerbe-864x1536.jpg 864w, https:\/\/dreidee.org\/wp-content\/uploads\/basketballkoerbe-1153x2048.jpg 1153w, https:\/\/dreidee.org\/wp-content\/uploads\/basketballkoerbe-scaled.jpg 1441w\" sizes=\"auto, (max-width: 576px) 100vw, 576px\" \/><\/a><figcaption class=\"wp-element-caption\">Basketballkorb im Weg<\/figcaption><\/figure>\n\n\n\n<figure class=\"wp-block-image size-large\" id=\"tor1li\"><a href=\"https:\/\/dreidee.org\/wp-content\/uploads\/tor_1_li-scaled.jpg\"><img loading=\"lazy\" decoding=\"async\" width=\"1024\" height=\"576\" src=\"https:\/\/dreidee.org\/wp-content\/uploads\/tor_1_li-1024x576.jpg\" alt=\"\" class=\"wp-image-741\" srcset=\"https:\/\/dreidee.org\/wp-content\/uploads\/tor_1_li-1024x576.jpg 1024w, https:\/\/dreidee.org\/wp-content\/uploads\/tor_1_li-300x169.jpg 300w, https:\/\/dreidee.org\/wp-content\/uploads\/tor_1_li-768x432.jpg 768w, https:\/\/dreidee.org\/wp-content\/uploads\/tor_1_li-1536x864.jpg 1536w, https:\/\/dreidee.org\/wp-content\/uploads\/tor_1_li-2048x1153.jpg 2048w\" sizes=\"auto, (max-width: 767px) 89vw, (max-width: 1000px) 54vw, (max-width: 1071px) 543px, 580px\" \/><\/a><figcaption class=\"wp-element-caption\">Tor ganz links mit Endst\u00fctzen<\/figcaption><\/figure>\n\n\n\n<figure class=\"wp-block-image size-large\" id=\"tor1re\"><a href=\"https:\/\/dreidee.org\/wp-content\/uploads\/tor_1_re-scaled.jpg\"><img loading=\"lazy\" decoding=\"async\" width=\"1024\" height=\"576\" src=\"https:\/\/dreidee.org\/wp-content\/uploads\/tor_1_re-1024x576.jpg\" alt=\"\" class=\"wp-image-742\" srcset=\"https:\/\/dreidee.org\/wp-content\/uploads\/tor_1_re-1024x576.jpg 1024w, https:\/\/dreidee.org\/wp-content\/uploads\/tor_1_re-300x169.jpg 300w, https:\/\/dreidee.org\/wp-content\/uploads\/tor_1_re-768x432.jpg 768w, https:\/\/dreidee.org\/wp-content\/uploads\/tor_1_re-1536x864.jpg 1536w, https:\/\/dreidee.org\/wp-content\/uploads\/tor_1_re-2048x1153.jpg 2048w\" sizes=\"auto, (max-width: 767px) 89vw, (max-width: 1000px) 54vw, (max-width: 1071px) 543px, 580px\" \/><\/a><figcaption class=\"wp-element-caption\">Drittes Tor von rechts f\u00fcr Mittelst\u00fctzen<\/figcaption><\/figure>\n<\/div>\n<\/div>\n\n\n\n<h2 class=\"wp-block-heading\" id=\"wissen\">Wissenswertes und Nerviges und so&#8230;<\/h2>\n\n\n\n<ul class=\"wp-block-list\">\n<li><strong>Im Laufe des Abends kl\u00e4ren, wer den Schl\u00fcssel \u00fcbernimmt!<\/strong><br>Bitte den neuen Schl\u00fcsseltr\u00e4ger in der WhatsApp- oder Signal-Gruppe nennen, damit der Schl\u00fcssel im Notfall z\u00fcgig gefunden werden kann. Wer in beiden Gruppen ist, kann die Info ggf. in die jeweils andere Gruppe teilen.<br><strong>Tipp<\/strong>: Selbst wenn jemand, der bis zum Schluss bleibt, nicht rechtzeitig zum n\u00e4chsten Termin kommen und aufschlie\u00dfen kann, so ist es doch h\u00e4ufig m\u00f6glich, den Schl\u00fcssel bis dahin jemandem zukommen zu lassen, der oder die dann p\u00fcnktlich aufschlie\u00dfen kann.<\/li>\n\n\n\n<li><strong>Anmeldezettel<\/strong> f\u00fcr neue Interessenten sind in der Kiste zu finden.<\/li>\n\n\n\n<li>In der Kiste gibt es auch <strong>K\u00fchlpacks<\/strong>, falls bei einer Verletztung hilfreich.<\/li>\n\n\n\n<li>Der Wasserhahn in der Lehrerkabine (und diverse andere H\u00e4hne und Toiletten und Duschen und und und&#8230;) lassen sich nicht immer vollst\u00e4ndig abdrehen. Man kann jedoch am Wasserhahn (speziell bei dem in der Lehrerkabine, der gerne f\u00fcrs Wasser nachf\u00fcllen verwendet wird) ziehen und die Wassermenge stark reduzieren. Muss nicht unbedingt auf Vollgas durchrauschen&#8230;<\/li>\n<\/ul>\n\n\n\n<h2 class=\"wp-block-heading\" id=\"abbauDE\">Abbau \/ Nach dem Spiel<\/h2>\n\n\n\n<p>Grunds\u00e4tzlich den Aufbau r\u00fcckw\u00e4rts&#8230;<\/p>\n\n\n\n<ol class=\"wp-block-list\">\n<li><strong>Felder abbauen<\/strong>\n<ul class=\"wp-block-list\">\n<li>Netze abh\u00e4ngen, bitte halbwegs ordentlich zusammenlegen und in die Kiste packen.<\/li>\n\n\n\n<li>Metallendst\u00fctzen und Mittelst\u00fctzen in die jeweiligen Tore bringen.<\/li>\n\n\n\n<li>M\u00fcllreste wie z. B. Federst\u00fccke aufsammeln und entsorgen.<\/li>\n<\/ul>\n<\/li>\n\n\n\n<li><strong>Tore abschlie\u00dfen<\/strong>\n<ul class=\"wp-block-list\">\n<li>Tore schlie\u00dfen und abschlie\u00dfen. <br><strong>Hinweis<\/strong>: Wir schlie\u00dfen beide Tore <em>ab<\/em>, auch wenn f\u00fcr den Aufbau normalerweise nur das rechte Tor <em>auf<\/em>geschlossen werden muss.<br><strong>Tipp<\/strong>: Geht auch mit dem kleinen Hebel an den Griffen auf der Innenseite der Tore. Allerdings bitte vermeiden die Tore so zu verschlie\u00dfen und den Schl\u00fcssel daf\u00fcr dann drin liegen zu lassen. \ud83d\ude00<\/li>\n\n\n\n<li>Schl\u00fcssel f\u00fcr die Tore (!) in den Schl\u00fcsselsafe bringen: Safe per Code (zu finden in der Beschreibung der WhatsApp- und Signal-Gruppe) \u00f6ffnen, Schl\u00fcssel reinlegen, schlie\u00dfen, Riegel drehen, Deckel zu.<br><strong>Achtung<\/strong>: Der Schl\u00fcssel f\u00fcr die Tore muss in der Halle im Safe bleiben!<\/li>\n<\/ul>\n<\/li>\n\n\n\n<li><strong>Klingel wegpacken<\/strong>\n<ul class=\"wp-block-list\">\n<li>Klingelknopf von der Eingangst\u00fcr holen.<\/li>\n\n\n\n<li>Klingel und Klingelknopf in die Kiste packen.<\/li>\n<\/ul>\n<\/li>\n\n\n\n<li><strong>Kiste verstauen<\/strong>\n<ul class=\"wp-block-list\">\n<li>Kiste in den Materialraum bringen.<\/li>\n\n\n\n<li>Materialraum abschlie\u00dfen (Licht aus!).<\/li>\n<\/ul>\n<\/li>\n\n\n\n<li><strong>Licht\/Fenster\/Jalousien<\/strong>\n<ul class=\"wp-block-list\">\n<li>Jalousien hochfahren.<\/li>\n\n\n\n<li>Fenster schlie\u00dfen.<\/li>\n\n\n\n<li>Licht ausschalten.<\/li>\n<\/ul>\n<\/li>\n\n\n\n<li><strong>Unterschreiben<\/strong>\n<ul class=\"wp-block-list\">\n<li>Auf dem Tisch in der Lehrerkabine liegt ein Ordner (<a href=\"#schalter\">siehe Foto<\/a>).<\/li>\n\n\n\n<li>Eintragen (am sinnvollsten vom Schl\u00fcsseltr\u00e4ger): \n<ul class=\"wp-block-list\">\n<li>Datum<\/li>\n\n\n\n<li>Uhrzeit (&#8222;18:30 &#8211; 22:00&#8220;)<\/li>\n\n\n\n<li>Verein (&#8222;GuMu&#8220; gen\u00fcgt)<\/li>\n\n\n\n<li>Abteilung (&#8222;Badminton&#8220;)<\/li>\n\n\n\n<li>Unterschrift<\/li>\n<\/ul>\n<\/li>\n\n\n\n<li>Lehrerkabine abschlie\u00dfen (Licht aus!)<\/li>\n<\/ul>\n<\/li>\n\n\n\n<li><strong>Halle verlassen<\/strong>\n<ul class=\"wp-block-list\">\n<li>\u00dcblicherweise m\u00fcssen wir die Halle <strong>nicht<\/strong> extra (per Knopf am Hallenschl\u00fcsselbund) abschlie\u00dfen, zuziehen gen\u00fcgt.<\/li>\n\n\n\n<li>Der Schl\u00fcsseltr\u00e4ger muss sicherstellen, dass die T\u00fcr <strong>zu<\/strong> ist!<\/li>\n\n\n\n<li><strong>Nochmal<\/strong>: Licht muss ausgeschaltet sein im <em>Materialraum<\/em>, in der <em>Lehrerkabine <\/em>und in der <em>Halle<\/em> selbst. Alle anderen Lichter schalten per Bewegungsmelder.<\/li>\n<\/ul>\n<\/li>\n<\/ol>\n","protected":false},"excerpt":{"rendered":"<p>Die folgenden Schritte sind zu beachten: Aufbau \/ Vor dem Spiel Sinnvollste Reihenfolge ungef\u00e4hr so&#8230; Wissenswertes und Nerviges und so&#8230; Abbau \/ Nach dem Spiel Grunds\u00e4tzlich den Aufbau r\u00fcckw\u00e4rts&#8230;<\/p>\n","protected":false},"author":1,"featured_media":0,"parent":0,"menu_order":0,"comment_status":"closed","ping_status":"closed","template":"","meta":{"pgc_sgb_lightbox_settings":"","footnotes":""},"class_list":["post-670","page","type-page","status-publish","hentry"],"_links":{"self":[{"href":"https:\/\/dreidee.org\/index.php?rest_route=\/wp\/v2\/pages\/670","targetHints":{"allow":["GET"]}}],"collection":[{"href":"https:\/\/dreidee.org\/index.php?rest_route=\/wp\/v2\/pages"}],"about":[{"href":"https:\/\/dreidee.org\/index.php?rest_route=\/wp\/v2\/types\/page"}],"author":[{"embeddable":true,"href":"https:\/\/dreidee.org\/index.php?rest_route=\/wp\/v2\/users\/1"}],"replies":[{"embeddable":true,"href":"https:\/\/dreidee.org\/index.php?rest_route=%2Fwp%2Fv2%2Fcomments&post=670"}],"version-history":[{"count":21,"href":"https:\/\/dreidee.org\/index.php?rest_route=\/wp\/v2\/pages\/670\/revisions"}],"predecessor-version":[{"id":758,"href":"https:\/\/dreidee.org\/index.php?rest_route=\/wp\/v2\/pages\/670\/revisions\/758"}],"wp:attachment":[{"href":"https:\/\/dreidee.org\/index.php?rest_route=%2Fwp%2Fv2%2Fmedia&parent=670"}],"curies":[{"name":"wp","href":"https:\/\/api.w.org\/{rel}","templated":true}]}}