{"id":660,"date":"2026-04-06T09:08:41","date_gmt":"2026-04-06T07:08:41","guid":{"rendered":"https:\/\/dreidee.org\/?page_id=660"},"modified":"2026-04-09T13:06:21","modified_gmt":"2026-04-09T11:06:21","slug":"regeln-tipps-und-tricks-zur-hallennutzung","status":"publish","type":"page","link":"https:\/\/dreidee.org\/?page_id=660","title":{"rendered":"Anleitungen \/ Instructions"},"content":{"rendered":"\n<div class=\"wp-block-columns is-layout-flex wp-container-core-columns-is-layout-9d6595d7 wp-block-columns-is-layout-flex\">\n<div class=\"wp-block-column is-layout-flow wp-block-column-is-layout-flow\">\n<p id=\"gerHookDE\">Springe direkt zu den Anleitungen f\u00fcr die&#8230;<\/p>\n\n\n\n<ul class=\"wp-block-list\">\n<li><a href=\"https:\/\/dreidee.org\/?page_id=670\" data-type=\"page\" data-id=\"670\">Sporthalle Gymnasium Tiergarten<\/a><\/li>\n\n\n\n<li><a href=\"https:\/\/dreidee.org\/?page_id=672\" data-type=\"page\" data-id=\"672\">Unionhalle<\/a><\/li>\n\n\n\n<li><a href=\"#allgRegDE\" data-type=\"internal\" data-id=\"#allgRegDE\">Allgemeine Regeln<\/a><\/li>\n\n\n\n<li><a href=\"#engHookEN\">English Version<\/a> <sub><sup>(simply scrolls down on this page for Smartphone Users)<\/sup><\/sub><\/li>\n<\/ul>\n\n\n\n<hr class=\"wp-block-separator has-alpha-channel-opacity\"\/>\n\n\n\n<h2 class=\"wp-block-heading\">Basisinformationen<\/h2>\n\n\n\n<p>Die <strong>Haupthalle <\/strong>des Vereins ist die <strong>Sporthalle der Allegro-Grundschule<\/strong> in der L\u00fctzowstra\u00dfe. Dort ist es viermal pro Woche (Mo\/Di\/Do\/Fr &#8211; siehe <a href=\"https:\/\/www.tsvgutsmuths-berlin.de\/sportangebote\/ballspielsportarten\/badminton\/\">Webseite des Vereins<\/a>) m\u00f6glich, zu spielen.<\/p>\n\n\n\n<p>Die <strong>Sporthalle des Gymnasium Tiergarten<\/strong> und die <strong>Unionhalle<\/strong> werden uns freundlicherweise von <em>anderen Abteilungen<\/em> des Vereins \u00fcberlassen. Das hei\u00dft, wenn die Volleyball-Abteilung (Mo) oder Handball-Abteilung (Fr) ihre jeweilige Halle ben\u00f6tigen, m\u00fcssen wir leider &#8211; auch mal spontan &#8211; aufs Spielen verzichten. <br><strong>Wermutstropfen<\/strong>: Leider erreichen uns diese Infos nicht immer rechtzeitig, daher pr\u00fcft bitte die WhatsApp- oder Signal-Gruppe, sodass Ihr m\u00f6glichst nicht vor verschlossenen T\u00fcren stehen m\u00fcsst. Der Registrierungskalender kann leider nur Tage als blockiert anzeigen, an denen uns rechtzeitig Bedarf bekanntgegeben wird (z. B. Heimspiele der Handballmannschaften in den offiziellen Hallenbelegungspl\u00e4nen).<\/p>\n\n\n\n<p><strong>F\u00fcr beide Hallen gibt es jeweils einen Schl\u00fcssel.<\/strong> Auch wenn es ein paar regelm\u00e4\u00dfige &#8222;Schl\u00fcsseltr\u00e4ger:innen&#8220; gibt, sollte jeder in der Lage sein, die Hallen ordnungsgem\u00e4\u00df zu bedienen! <strong>Wichtig<\/strong>: Die Schl\u00fcsseltr\u00e4ger:innen sind nicht automatisch diejenigen, die sich um alles k\u00fcmmern.<\/p>\n\n\n\n<p>Da wir uns alle als Vereinsmitglieder <em>gemeinsam <\/em>um den sorgf\u00e4ltigen Umgang mit den zur Verf\u00fcgung gestellten Sportst\u00e4tten k\u00fcmmern d\u00fcrfen, findet Ihr hier nun einige Informationen zur Nutzung.<\/p>\n\n\n\n<hr class=\"wp-block-separator has-alpha-channel-opacity\"\/>\n\n\n\n<h2 class=\"wp-block-heading\" id=\"allgRegDE\">Allgemeine Regeln<\/h2>\n\n\n\n<ul class=\"wp-block-list\">\n<li><strong>Beim Auf- und Abbau hilft jeder mit.<\/strong> Es w\u00e4re sch\u00f6n, wenn zum Ende hin wenigstens kurz nachgefragt wird, ob noch alle Felder ben\u00f6tigt werden, bevor man einfach die Halle verl\u00e4sst. Dann m\u00fcssen sich die letzten Spieler nicht um alles k\u00fcmmern &#8211; danke!<\/li>\n\n\n\n<li><strong>Spielmaterial wird von jedem mit eingebracht.<\/strong> Der Verein stellt keine B\u00e4lle zur Verf\u00fcgung. Gelegentlich k\u00f6nnen bei Mani Rollen mit Badmintonb\u00e4llen gekauft werden, die durch den Verein gesponsert verg\u00fcnstigt abgeben werden k\u00f6nnen.<\/li>\n\n\n\n<li><strong>Bitte lest Federn und anderen M\u00fcll so zeitnah wie m\u00f6glich auf. <\/strong>Federreste einfach an den Spielfeldrand zu schubsen ist zwar nett f\u00fcr den Moment, hilft aber nicht, wenn beim Verlassen der Halle nochmal jemand durchtrotten und den M\u00fcll zur Tonne bringen muss. Bleiben diese Reste liegen, kann es Beschwerden von den Hallenbetreuern geben und uns wird ggf. der Zutritt zuk\u00fcnftig entzogen.<\/li>\n\n\n\n<li><strong>Beachtet den Spielbetrieb<\/strong> &#8211; lauft bitte nicht durch Felder, in denen gerade aktiv gespielt wird. Das ist sehr gef\u00e4hrlich und kann zu Verletzungen f\u00fchren!<\/li>\n\n\n\n<li>Die Hallen bitte nicht mit Stra\u00dfenschuhen betreten. Verschmutzungen haben bereits zu Beschwerden gef\u00fchrt.<\/li>\n\n\n\n<li><strong>Teilt Euch die Spielzeit fair auf. <\/strong>Die Registrierung hier auf der Webseite ist ein Hilfsmittel, um die ungef\u00e4hre Menge an Teilnehmern abzusch\u00e4tzen, sie gew\u00e4hrt aber kein Recht auf Spielzeit. Wenn Leute warten gen\u00fcgt vielleicht auch mal nur ein Satz anstelle eines kompletten Spiels.<\/li>\n<\/ul>\n\n\n\n<hr class=\"wp-block-separator has-alpha-channel-opacity\"\/>\n\n\n\n<h2 class=\"wp-block-heading\" id=\"indAnlDE\">Individuelle Anleitungen f\u00fcr die Hallen<\/h2>\n\n\n\n<div class=\"wp-block-buttons is-layout-flex wp-container-core-buttons-is-layout-c07eda73 wp-block-buttons-is-layout-flex\">\n<div class=\"wp-block-button has-custom-width wp-block-button__width-100 is-style-fill\"><a class=\"wp-block-button__link wp-element-button\" href=\"https:\/\/dreidee.org\/?page_id=670\">Sporthalle Gymnasium Tiergarten<\/a><\/div>\n\n\n\n<div class=\"wp-block-button has-custom-width wp-block-button__width-100\"><a class=\"wp-block-button__link wp-element-button\" href=\"https:\/\/dreidee.org\/?page_id=672\">Unionhalle<\/a><\/div>\n<\/div>\n<\/div>\n\n\n\n<div class=\"wp-block-column is-layout-flow wp-block-column-is-layout-flow\">\n<p id=\"engHookEN\">Jump directly to the instructions for the<\/p>\n\n\n\n<ul class=\"wp-block-list\">\n<li><a href=\"https:\/\/dreidee.org\/?page_id=670\" data-type=\"page\" data-id=\"670\">Hall at Gymnasium Tiergarten<\/a><\/li>\n\n\n\n<li><a href=\"https:\/\/dreidee.org\/?page_id=672\" data-type=\"page\" data-id=\"672\">Unionhalle<\/a><\/li>\n\n\n\n<li><a href=\"#allgRegEN\">General Rules<\/a><\/li>\n\n\n\n<li><a href=\"#gerHookDE\">Deutsche Version<\/a> <sup><sub>(springt einfach auf dieser Seite nach oben zum Seitenanfang)<\/sub><\/sup><\/li>\n<\/ul>\n\n\n\n<hr class=\"wp-block-separator has-alpha-channel-opacity\"\/>\n\n\n\n<h2 class=\"wp-block-heading\">Basic information<\/h2>\n\n\n\n<p><br>The club\u2019s <strong>main hall<\/strong> is the <strong>sports hall at Allegro Primary School<\/strong> on L\u00fctzowstra\u00dfe. We can play there four times a week (Mon\/Tue\/Thu\/Fri \u2013 see the <a href=\"https:\/\/www.tsvgutsmuths-berlin.de\/sportangebote\/ballspielsportarten\/badminton\/\">club\u2019s website<\/a>).<\/p>\n\n\n\n<p>The <strong>sports hall at Gymnasium Tiergarten<\/strong> and the <strong>Unionhalle<\/strong> are kindly made available to us by <em>other sections<\/em> of the club. This means that if the volleyball section (Mon) or handball section (Fri) needs their respective hall, we unfortunately have to \u2013 sometimes at short notice \u2013 cancel our session.<br><strong>Downside<\/strong>: Unfortunately, we don\u2019t always receive this information in time, so please check the WhatsApp or Signal group to avoid finding yourselves facing closed doors. Unfortunately, the booking calendar can only show days as blocked where we are notified of requirements in good time (e.g. home matches for the handball teams in the official hall booking schedules).<\/p>\n\n\n\n<p><strong>There is one key for each of the two halls.<\/strong> Even though there are a few regular \u2018key holders\u2019, everyone should be able to operate the halls properly! <strong>Important<\/strong>: The key holders are not automatically the ones responsible for everything.<\/p>\n\n\n\n<p>As we are all club members and are <em>jointly <\/em>responsible for the careful use of the sports facilities provided, you will find some information on their use here.<\/p>\n\n\n\n<hr class=\"wp-block-separator has-alpha-channel-opacity\"\/>\n\n\n\n<h2 class=\"wp-block-heading\" id=\"allgRegEN\">General Rules<\/h2>\n\n\n\n<ul class=\"wp-block-list\">\n<li><strong>Everyone helps with setting up and packing away.<\/strong> It would be great if, towards the end, we could at least quickly check whether all the courts are still needed before simply leaving the hall. That way, the last players won\u2019t have to take care of everything \u2013 thank you!<\/li>\n\n\n\n<li><strong>Everyone is asked to bring their own equipment.<\/strong> The club does not provide any shuttles. From time to time, you can buy tubes of badminton shuttlecocks from Mani, which are available at a reduced price thanks to sponsorship from the club.<\/li>\n\n\n\n<li><strong>Please pick up feathers and other rubbish as soon as possible.<\/strong> Simply pushing feather scraps to the edge of the court may seem convenient at the time, but it doesn\u2019t help if some lonely soul has to trudge back through the hall to take the rubbish to the bin when everyone else has left. If these scraps are left lying around, we may receive complaints from the hall managers and could potentially be denied access in future.<\/li>\n\n\n\n<li><strong>Be mindful of the games in progress<\/strong> \u2013 please do not run through courts where play is currently underway. This is very dangerous and can lead to injuries!<\/li>\n\n\n\n<li>Please do not enter the halls wearing outdoor shoes. Dirt has already led to complaints.<\/li>\n\n\n\n<li><strong>Share playing time fairly.<\/strong> Registration here on the website is a tool to estimate the approximate number of participants, but it does not guarantee playing time. If people are waiting, perhaps just one set instead of a full match will suffice.<\/li>\n<\/ul>\n\n\n\n<hr class=\"wp-block-separator has-alpha-channel-opacity\"\/>\n\n\n\n<h2 class=\"wp-block-heading\" id=\"indAnlEN\">Individual Instructions for the Halls<\/h2>\n\n\n\n<div class=\"wp-block-buttons is-content-justification-center is-layout-flex wp-container-core-buttons-is-layout-16018d1d wp-block-buttons-is-layout-flex\">\n<div class=\"wp-block-button has-custom-width wp-block-button__width-100\"><a class=\"wp-block-button__link wp-element-button\">Hall at Gymnasium Tiergarten<\/a><\/div>\n\n\n\n<div class=\"wp-block-button has-custom-width wp-block-button__width-100\"><a class=\"wp-block-button__link wp-element-button\">Unionhalle<\/a><\/div>\n<\/div>\n<\/div>\n<\/div>\n\n\n\n<p><\/p>\n","protected":false},"excerpt":{"rendered":"<p>Springe direkt zu den Anleitungen f\u00fcr die&#8230; Basisinformationen Die Haupthalle des Vereins ist die Sporthalle der Allegro-Grundschule in der L\u00fctzowstra\u00dfe. Dort ist es viermal pro Woche (Mo\/Di\/Do\/Fr &#8211; siehe Webseite des Vereins) m\u00f6glich, zu spielen. Die Sporthalle des Gymnasium Tiergarten und die Unionhalle werden uns freundlicherweise von anderen Abteilungen des Vereins \u00fcberlassen. Das hei\u00dft, wenn &hellip; <\/p>\n<p class=\"link-more\"><a href=\"https:\/\/dreidee.org\/?page_id=660\" class=\"more-link\"><span class=\"screen-reader-text\">\u201eAnleitungen \/ Instructions\u201c <\/span>weiterlesen<\/a><\/p>\n","protected":false},"author":1,"featured_media":0,"parent":0,"menu_order":0,"comment_status":"closed","ping_status":"closed","template":"","meta":{"pgc_sgb_lightbox_settings":"","footnotes":""},"class_list":["post-660","page","type-page","status-publish","hentry"],"_links":{"self":[{"href":"https:\/\/dreidee.org\/index.php?rest_route=\/wp\/v2\/pages\/660","targetHints":{"allow":["GET"]}}],"collection":[{"href":"https:\/\/dreidee.org\/index.php?rest_route=\/wp\/v2\/pages"}],"about":[{"href":"https:\/\/dreidee.org\/index.php?rest_route=\/wp\/v2\/types\/page"}],"author":[{"embeddable":true,"href":"https:\/\/dreidee.org\/index.php?rest_route=\/wp\/v2\/users\/1"}],"replies":[{"embeddable":true,"href":"https:\/\/dreidee.org\/index.php?rest_route=%2Fwp%2Fv2%2Fcomments&post=660"}],"version-history":[{"count":22,"href":"https:\/\/dreidee.org\/index.php?rest_route=\/wp\/v2\/pages\/660\/revisions"}],"predecessor-version":[{"id":711,"href":"https:\/\/dreidee.org\/index.php?rest_route=\/wp\/v2\/pages\/660\/revisions\/711"}],"wp:attachment":[{"href":"https:\/\/dreidee.org\/index.php?rest_route=%2Fwp%2Fv2%2Fmedia&parent=660"}],"curies":[{"name":"wp","href":"https:\/\/api.w.org\/{rel}","templated":true}]}}