{"id":295,"date":"2025-02-22T01:27:42","date_gmt":"2025-02-22T00:27:42","guid":{"rendered":"https:\/\/dreidee.org\/?page_id=295"},"modified":"2026-04-21T12:34:21","modified_gmt":"2026-04-21T10:34:21","slug":"badminton","status":"publish","type":"page","link":"https:\/\/dreidee.org\/?page_id=295","title":{"rendered":"Badminton TSV Gutsmuths 1861"},"content":{"rendered":"\n<h2 class=\"wp-block-heading has-text-align-center\">Let&#8217;s play Badminton! \ud83d\ude00<\/h2>\n\n\n\n<p class=\"has-text-align-center\">Webseite unseres Vereins: <a href=\"https:\/\/www.tsvgutsmuths-berlin.de\/sportangebote\/ballspielsportarten\/badminton\/\">Badminton | TSV GutsMuths 1861 e.V.<\/a><\/p>\n\n\n\n<hr class=\"wp-block-separator has-alpha-channel-opacity is-style-wide\"\/>\n\n\n\n<div class=\"wp-block-columns is-layout-flex wp-container-core-columns-is-layout-9d6595d7 wp-block-columns-is-layout-flex\">\n<div class=\"wp-block-column is-layout-flow wp-block-column-is-layout-flow\">\n<div class=\"wp-block-columns is-layout-flex wp-container-core-columns-is-layout-9d6595d7 wp-block-columns-is-layout-flex\">\n<div class=\"wp-block-column is-layout-flow wp-block-column-is-layout-flow\">\n<div class=\"wp-block-group is-vertical is-content-justification-center is-layout-flex wp-container-core-group-is-layout-4b2eccd6 wp-block-group-is-layout-flex\">\n\n\n\n<p>Um Dich f\u00fcr das freie Spiel <strong>montags <\/strong>(Turnhalle Altonaer Stra\u00dfe, 18:30 &#8211; 22:00 Uhr) und <strong>freitags <\/strong>(Unionhalle Siemensstra\u00dfe, 20:00 &#8211; 22:00 Uhr) anzumelden, folge dem Link.<\/p>\n\n\n\n<p>Hier geht&#8217;s zur Anmeldung:<\/p>\n<\/div>\n\n\n\n<div class=\"wp-block-buttons is-layout-flex wp-block-buttons-is-layout-flex\">\n<div class=\"wp-block-button has-custom-width wp-block-button__width-100\"><a class=\"wp-block-button__link wp-element-button\" href=\"https:\/\/dreidee.org\/?page_id=293\">Deutsche Version<\/a><\/div>\n<\/div>\n\n\n\n<p><br><strong>Hinweis<\/strong>: F\u00fcr das Spielen in der L\u00fctzowstra\u00dfe (Spielzeiten siehe Vereinsseite oben) ist keine Registrierung n\u00f6tig, da dort mehr Pl\u00e4tze zur Verf\u00fcgung stehen. \ud83d\ude42<\/p>\n<\/div>\n\n\n\n<div class=\"wp-block-column is-layout-flow wp-block-column-is-layout-flow\">\n<div class=\"wp-block-group is-vertical is-content-justification-center is-layout-flex wp-container-core-group-is-layout-4b2eccd6 wp-block-group-is-layout-flex\">\n\n\n\n<p>To register for the open games on <strong>Mondays <\/strong>(Altonaer Stra\u00dfe school gym, 6:30 p.m. to 10 p.m.) and <strong>Fridays <\/strong>(Unionhalle Siemensstra\u00dfe, 8 p.m. to 10 p.m.), follow the link.<\/p>\n\n\n\n<p>Click here to register:<\/p>\n<\/div>\n\n\n\n<div class=\"wp-block-buttons is-layout-flex wp-block-buttons-is-layout-flex\">\n<div class=\"wp-block-button has-custom-width wp-block-button__width-100\"><a class=\"wp-block-button__link wp-element-button\" href=\"https:\/\/dreidee.org\/?page_id=290\">English Version<\/a><\/div>\n<\/div>\n\n\n\n<p><br><strong>Note<\/strong>: There is no need to register to play at L\u00fctzowstra\u00dfe (see the club&#8217;s website above for playing times), as there are more courts available there. \ud83d\ude42<\/p>\n<\/div>\n<\/div>\n<\/div>\n<\/div>\n\n\n\n<div class=\"wp-block-buttons is-content-justification-center is-layout-flex wp-container-core-buttons-is-layout-16018d1d wp-block-buttons-is-layout-flex\">\n<div class=\"wp-block-button has-custom-width wp-block-button__width-100\"><a class=\"wp-block-button__link wp-element-button\" href=\"https:\/\/dreidee.org\/?page_id=660\">Instruktionen f\u00fcr die Hallen \/ Instructions for the Halls<\/a><\/div>\n<\/div>\n\n\n\n<p><\/p>\n","protected":false},"excerpt":{"rendered":"<p>Let&#8217;s play Badminton! \ud83d\ude00 Webseite unseres Vereins: Badminton | TSV GutsMuths 1861 e.V. Um Dich f\u00fcr das freie Spiel montags (Turnhalle Altonaer Stra\u00dfe, 18:30 &#8211; 22:00 Uhr) und freitags (Unionhalle Siemensstra\u00dfe, 20:00 &#8211; 22:00 Uhr) anzumelden, folge dem Link. Hier geht&#8217;s zur Anmeldung: Hinweis: F\u00fcr das Spielen in der L\u00fctzowstra\u00dfe (Spielzeiten siehe Vereinsseite oben) ist &hellip; <\/p>\n<p class=\"link-more\"><a href=\"https:\/\/dreidee.org\/?page_id=295\" class=\"more-link\"><span class=\"screen-reader-text\">\u201eBadminton TSV Gutsmuths 1861\u201c <\/span>weiterlesen<\/a><\/p>\n","protected":false},"author":1,"featured_media":0,"parent":0,"menu_order":0,"comment_status":"closed","ping_status":"closed","template":"","meta":{"pgc_sgb_lightbox_settings":"","footnotes":""},"class_list":["post-295","page","type-page","status-publish","hentry"],"_links":{"self":[{"href":"https:\/\/dreidee.org\/index.php?rest_route=\/wp\/v2\/pages\/295","targetHints":{"allow":["GET"]}}],"collection":[{"href":"https:\/\/dreidee.org\/index.php?rest_route=\/wp\/v2\/pages"}],"about":[{"href":"https:\/\/dreidee.org\/index.php?rest_route=\/wp\/v2\/types\/page"}],"author":[{"embeddable":true,"href":"https:\/\/dreidee.org\/index.php?rest_route=\/wp\/v2\/users\/1"}],"replies":[{"embeddable":true,"href":"https:\/\/dreidee.org\/index.php?rest_route=%2Fwp%2Fv2%2Fcomments&post=295"}],"version-history":[{"count":36,"href":"https:\/\/dreidee.org\/index.php?rest_route=\/wp\/v2\/pages\/295\/revisions"}],"predecessor-version":[{"id":850,"href":"https:\/\/dreidee.org\/index.php?rest_route=\/wp\/v2\/pages\/295\/revisions\/850"}],"wp:attachment":[{"href":"https:\/\/dreidee.org\/index.php?rest_route=%2Fwp%2Fv2%2Fmedia&parent=295"}],"curies":[{"name":"wp","href":"https:\/\/api.w.org\/{rel}","templated":true}]}}