{"id":293,"date":"2025-02-22T00:48:33","date_gmt":"2025-02-21T23:48:33","guid":{"rendered":"https:\/\/dreidee.org\/?page_id=293"},"modified":"2026-04-21T14:26:41","modified_gmt":"2026-04-21T12:26:41","slug":"badminton-tsv-gutsmuths-1861-de","status":"publish","type":"page","link":"https:\/\/dreidee.org\/?page_id=293","title":{"rendered":"Anmeldung"},"content":{"rendered":"\n<p>Du hast Lust Badminton zu spielen? Gro\u00dfartig! Auf dieser Webseite kannst Du Dich f\u00fcr die kommenden Spieltermine in der Sporthalle <strong>Altonaer Stra\u00dfe<\/strong> (Mo) oder der <strong>Unionhalle<\/strong> (Fr) anmelden. <strong><a href=\"#hilfe\">Erl\u00e4uterungen<\/a><\/strong>, wenn ben\u00f6tigt, weiter unten\u2026<\/p>\n\n\n\n<hr class=\"wp-block-separator has-alpha-channel-opacity\"\/>\n\n\n<div id=\"kalender-container\"><h3>W\u00e4hle einen Termin:<\/h3><table id=\"kalender\"><tr><th>Monat<\/th><th>Mo<\/th><th>Di<\/th><th>Mi<\/th><th>Do<\/th><th>Fr<\/th><th>Sa<\/th><th>So<\/th><\/tr><tr><td class='monatsspalte'>Apr\/Mai<\/td><td class='kalender-tag past  ' data-date='2026-04-27'>27<\/td><td class='kalender-tag past  ' data-date='2026-04-28'>28<\/td><td class='kalender-tag disabled  today-highlight' data-date='2026-04-29'>29<\/td><td class='kalender-tag disabled  ' data-date='2026-04-30'>30<\/td><td class='kalender-tag spielbar current-date ' data-date='2026-05-01'>1<\/td><td class='kalender-tag disabled  ' data-date='2026-05-02'>2<\/td><td class='kalender-tag disabled  ' data-date='2026-05-03'>3<\/td><\/tr><tr><td class='monatsspalte'>Mai<\/td><td class='kalender-tag spielbar  ' data-date='2026-05-04'>4<\/td><td class='kalender-tag disabled  ' data-date='2026-05-05'>5<\/td><td class='kalender-tag disabled  ' data-date='2026-05-06'>6<\/td><td class='kalender-tag disabled  ' data-date='2026-05-07'>7<\/td><td class='kalender-tag spielbar  ' data-date='2026-05-08'>8<\/td><td class='kalender-tag disabled  ' data-date='2026-05-09'>9<\/td><td class='kalender-tag disabled  ' data-date='2026-05-10'>10<\/td><\/tr><tr><td class='monatsspalte'>Mai<\/td><td class='kalender-tag spielbar  ' data-date='2026-05-11'>11<\/td><td class='kalender-tag disabled  ' data-date='2026-05-12'>12<\/td><td class='kalender-tag disabled  ' data-date='2026-05-13'>13<\/td><td class='kalender-tag disabled  ' data-date='2026-05-14'>14<\/td><td class='kalender-tag spielbar  ' data-date='2026-05-15'>15<\/td><td class='kalender-tag disabled  ' data-date='2026-05-16'>16<\/td><td class='kalender-tag disabled  ' data-date='2026-05-17'>17<\/td><\/tr><tr><td class='monatsspalte'>Mai<\/td><td class='kalender-tag spielbar  ' data-date='2026-05-18'>18<\/td><td class='kalender-tag disabled  ' data-date='2026-05-19'>19<\/td><td class='kalender-tag disabled  ' data-date='2026-05-20'>20<\/td><td class='kalender-tag disabled  ' data-date='2026-05-21'>21<\/td><td class='kalender-tag spielbar  ' data-date='2026-05-22'>22<\/td><td class='kalender-tag disabled  ' data-date='2026-05-23'>23<\/td><td class='kalender-tag disabled  ' data-date='2026-05-24'>24<\/td><\/tr><\/table><\/div><h3 class=\"centered-title\">Teilnehmer hinzuf\u00fcgen <small>(01.05.26)<\/small><\/h3>    <form method=\"post\" action=\"\" class=\"inline-form\">\r\n        <input type=\"text\" name=\"names\" placeholder=\"Name(n, getrennt mit Kommas)\" class=\"input-wide\">\r\n        <button type=\"submit\" name=\"add_names\">Hinzuf\u00fcgen<\/button>\r\n        <input type=\"hidden\" name=\"csrf_token\" value=\"4a4ba5e8e803f8c2043dbbe8bedb3b3a\">    <\/form>\r\n    <p class='no-entries'>Bisher keine Anmeldungen<\/p>\r\n<style>\r\n\/* CSS bleibt unver\u00e4ndert *\/\r\n#kalender-container { text-align: center; margin-bottom: 20px; }\r\n#kalender { width: 100%; border-collapse: collapse; }\r\n#kalender th, #kalender td { padding: 8px; text-align: center; border: 1px solid #ccc; }\r\n\r\n.monatsspalte { font-weight: bold; background-color: #f9f9f9; color: black; }\r\n\r\n.kalender-tag { cursor: pointer; color: black; }\r\n.disabled { background-color: #d3d3d3; color: #666; opacity: 0.6; }\r\n.past { background-color: #f0f0f0; color: #999; }\r\n.spielbar { background-color: #ccffcc; color: black; }\r\n.spieltag { background-color: #66cc66; color: black; font-weight: bold; }\r\n.gesperrt { background-color: #ff6666; color: black; }\r\n\r\n@keyframes pulseEffect {\r\n    0% { background-color: #66cc66; }\r\n    20% { background-color: rgba(255, 255, 255, 0.9); }\r\n    40% { background-color: #66cc66; }\r\n    60% { background-color: rgba(255, 255, 255, 0.9); }\r\n    100% { background-color: #66cc66; }\r\n}\r\n\r\n.subtitle-center { text-align: center; font-weight: 500; margin-top: -6px; margin-bottom: 10px; color: #333; font-size: 0.95em; }\r\n.no-play-notice { background: #fff6f6; border: 1px solid #f2c2c2; padding: 10px; border-radius: 6px; display: inline-block; }\r\n\r\n.current-date { \r\n    border: 5px solid blue; \r\n    animation: pulseEffect 1s infinite alternate ease-in-out; \r\n}\r\n\r\n.today-highlight {\r\n    border: 2px solid rgb(50, 50, 50) !important;\r\n    padding: 5px;\r\n}\r\n\r\n.kalender-tag:hover { opacity: 0.8; }\r\n.inline-form {\r\n    display: flex;\r\n    gap: 10px;\r\n}\r\n\r\n.input-wide {\r\n    flex-grow: 1;\r\n}\r\n.small-undo {\r\n    padding: 5px 10px;\r\n    font-size: 14px;\r\n    text-align: center;\r\n}\r\n.centered-form {\r\n    text-align: center;\r\n    margin-top: 10px;\r\n}\r\n.small-delete {\r\n    padding: 3px 6px;\r\n    font-size: 12px;\r\n}\r\n.centered-title {\r\n    text-align: center;\r\n}\r\n<\/style>\n\n\n\n<hr class=\"wp-block-separator has-alpha-channel-opacity is-style-default\"\/>\n\n\n\n<h3 class=\"wp-block-heading has-text-align-center\" id=\"hilfe\">Erl\u00e4uterungen<\/h3>\n\n\n\n<details class=\"wp-block-details is-layout-flow wp-block-details-is-layout-flow\"><summary>Wie funktioniert&#8217;s?<\/summary>\n<p><strong>W\u00e4hle ein Spieldatum.<\/strong> Beim Aufrufen der Webseite wird <em>automatisch<\/em> das n\u00e4chste Spieldatum angew\u00e4hlt. Klicke, wenn gew\u00fcnscht, einfach auf die <mark style=\"background-color:rgba(0, 0, 0, 0)\" class=\"has-inline-color has-vivid-green-cyan-color\"><strong>gr\u00fcnen<\/strong> <\/mark>Tage, um Dich in die Listen f\u00fcr weitere Spieltage einzutragen. <strong><mark style=\"background-color:rgba(0, 0, 0, 0)\" class=\"has-inline-color has-light-green-cyan-color\">Hellgr\u00fcn<\/mark><\/strong> bedeutet nur, dass es an diesen Tagen bisher noch keine Anmeldungen gibt. <strong>Tipp<\/strong>: Gelegentlich ist ein Tag <strong><mark style=\"background-color:rgba(0, 0, 0, 0)\" class=\"has-inline-color has-vivid-red-color\">rot<\/mark><\/strong> markiert. Dann findet leider kein Spielbetrieb statt. <\/p>\n\n\n\n<p class=\"has-text-align-left\"><strong>Gib einfach was ein!<\/strong> Deinen Vornamen, einen Spitznamen &#8211; wie Du magst, es wird nichts \u00fcber den jeweiligen Spieltermin hinaus gespeichert. Nat\u00fcrlich w\u00e4re es hilfreich, wenn Du auch mehrere Personen eintr\u00e4gst, falls Du Freunde, Bekannte oder Verwandte mitbringen magst.<\/p>\n\n\n\n<p class=\"has-text-align-left\"><strong>Aber&#8230; <\/strong>wenn Du doch nicht kommen kannst, klicke doch bitte einfach auf das <mark style=\"background-color:rgba(0, 0, 0, 0)\" class=\"has-inline-color has-luminous-vivid-amber-color\">x<\/mark> neben den gew\u00fcnschten Namen, um sie zu entfernen. Danke!<\/p>\n\n\n\n<p class=\"has-text-align-left\"><strong>Klicke bitte weise!<\/strong> Ja, Du kannst <em>jeden <\/em>Eintrag entfernen. Ob das eine gute Idee ist, musst Du selbst entscheiden. \ud83d\ude42 <br>Nur wenn gel\u00f6schte Eintr\u00e4ge existieren, wird der Button <mark style=\"background-color:rgba(0, 0, 0, 0)\" class=\"has-inline-color has-luminous-vivid-amber-color\">Letzte L\u00f6schung wiederherstellen<\/mark> angezeigt. Im Laufe eines Tages z. B. aus Versehen gel\u00f6schte Eintr\u00e4ge k\u00f6nnen so bis Mitternacht wiederhergestellt werden.<\/p>\n\n\n\n<p class=\"has-text-align-left\"><strong>Und jetzt der Oberkracher-Pro-Tipp!<\/strong> Wenn Du beispielsweise erst sp\u00e4ter dazukommen kannst, probiere doch mal, nach Deinem Namen z. B. in Klammern noch Zusatzinfos anzugeben, wie <mark style=\"background-color:rgba(0, 0, 0, 0)\" class=\"has-inline-color has-luminous-vivid-amber-color\">(kann erst ab so gegen halb acht)<\/mark>. Das steht dann auch so in der Liste. <strong>Funky!<\/strong><\/p>\n<\/details>\n\n\n\n<details class=\"wp-block-details is-layout-flow wp-block-details-is-layout-flow\"><summary>Was soll das denn alles?<\/summary>\n<p>Um abzusch\u00e4tzen, ob genug Spieler kommen wollen, ist hier zu sehen, wieviele Leute sich angemeldet haben. <br>Diese Seite ist f\u00fcr die Spieltermine in der <strong>Altonaer Schulturnhalle <\/strong>und in der <strong>Unionhalle <\/strong>gedacht. Die Spieltermine in der <strong>L\u00fctzowstra\u00dfe<\/strong> werden hier <strong>nicht<\/strong> organisiert.<br>Zum einen ist es hilfreich abzusch\u00e4tzen, wie voll es werden wird, zum anderen hilft es den Schl\u00fcsseltr\u00e4gern zu wissen, ob sie sich \u00fcberhaupt auf den weiten Weg machen m\u00fcssen, um die Halle ggf. f\u00fcr niemanden aufzuschlie\u00dfen. Danke f\u00fcr Dein Verst\u00e4ndnis!<\/p>\n<\/details>\n\n\n\n<details class=\"wp-block-details is-layout-flow wp-block-details-is-layout-flow\"><summary>Infos<\/summary>\n<div class=\"wp-block-columns is-layout-flex wp-container-core-columns-is-layout-9d6595d7 wp-block-columns-is-layout-flex\">\n<div class=\"wp-block-column is-layout-flow wp-block-column-is-layout-flow\">\n<p><strong>Schulturnhalle<\/strong> des Gymnasium Tiergarten<br><strong>Ort<\/strong>: Altonaer Str. 26, 10555 Berlin (<a href=\"https:\/\/maps.app.goo.gl\/2bBSuqsjFf2gi9ZF7\" target=\"_blank\" rel=\"noreferrer noopener\">Google Maps Link<\/a>)<br><strong>Spielzeiten<\/strong>: Montags, 18:30 &#8211; 22:00 Uhr<\/p>\n<\/div>\n\n\n\n<div class=\"wp-block-column is-layout-flow wp-block-column-is-layout-flow\">\n<p><strong>Unionhalle<\/strong><br><strong>Ort<\/strong>: Siemensstra\u00dfe 20A, 10551 Berlin (<a href=\"https:\/\/maps.app.goo.gl\/MxMX1MHgFKtzdMg4A\" target=\"_blank\" rel=\"noreferrer noopener\">Google Maps Link<\/a>)<br><strong>Spielzeiten<\/strong>: Freitags, 20:00 &#8211; 22:00 Uhr<\/p>\n<\/div>\n<\/div>\n<\/details>\n\n\n\n<hr class=\"wp-block-separator has-alpha-channel-opacity\"\/>\n\n\n\n<div class=\"wp-block-buttons is-content-justification-center is-layout-flex wp-container-core-buttons-is-layout-16018d1d wp-block-buttons-is-layout-flex\">\n<div class=\"wp-block-button has-custom-width wp-block-button__width-100 is-style-outline is-style-outline--1\"><a class=\"wp-block-button__link has-black-color has-luminous-vivid-amber-background-color has-text-color has-background has-link-color has-small-font-size has-custom-font-size wp-element-button\" href=\"https:\/\/dreidee.org\/?page_id=290\">English Version<\/a><\/div>\n\n\n\n<div class=\"wp-block-button has-custom-width wp-block-button__width-100 is-style-outline is-style-outline--2\"><a class=\"wp-block-button__link has-black-color has-luminous-vivid-amber-background-color has-text-color has-background has-link-color has-small-font-size has-custom-font-size wp-element-button\" href=\"https:\/\/dreidee.org\/?page_id=295\">Zur\u00fcck zur Hauptseite<\/a><\/div>\n<\/div>\n\n\n\n<p><\/p>\n","protected":false},"excerpt":{"rendered":"<p>Du hast Lust Badminton zu spielen? Gro\u00dfartig! Auf dieser Webseite kannst Du Dich f\u00fcr die kommenden Spieltermine in der Sporthalle Altonaer Stra\u00dfe (Mo) oder der Unionhalle (Fr) anmelden. Erl\u00e4uterungen, wenn ben\u00f6tigt, weiter unten\u2026 Erl\u00e4uterungen<\/p>\n","protected":false},"author":1,"featured_media":0,"parent":0,"menu_order":0,"comment_status":"closed","ping_status":"closed","template":"","meta":{"pgc_sgb_lightbox_settings":"","footnotes":""},"class_list":["post-293","page","type-page","status-publish","hentry"],"_links":{"self":[{"href":"https:\/\/dreidee.org\/index.php?rest_route=\/wp\/v2\/pages\/293","targetHints":{"allow":["GET"]}}],"collection":[{"href":"https:\/\/dreidee.org\/index.php?rest_route=\/wp\/v2\/pages"}],"about":[{"href":"https:\/\/dreidee.org\/index.php?rest_route=\/wp\/v2\/types\/page"}],"author":[{"embeddable":true,"href":"https:\/\/dreidee.org\/index.php?rest_route=\/wp\/v2\/users\/1"}],"replies":[{"embeddable":true,"href":"https:\/\/dreidee.org\/index.php?rest_route=%2Fwp%2Fv2%2Fcomments&post=293"}],"version-history":[{"count":39,"href":"https:\/\/dreidee.org\/index.php?rest_route=\/wp\/v2\/pages\/293\/revisions"}],"predecessor-version":[{"id":872,"href":"https:\/\/dreidee.org\/index.php?rest_route=\/wp\/v2\/pages\/293\/revisions\/872"}],"wp:attachment":[{"href":"https:\/\/dreidee.org\/index.php?rest_route=%2Fwp%2Fv2%2Fmedia&parent=293"}],"curies":[{"name":"wp","href":"https:\/\/api.w.org\/{rel}","templated":true}]}}