{"id":2,"date":"2016-05-10T03:48:21","date_gmt":"2016-05-10T03:48:21","guid":{"rendered":"http:\/\/dreidee.org\/?page_id=2"},"modified":"2026-01-29T08:22:57","modified_gmt":"2026-01-29T07:22:57","slug":"sample-page","status":"publish","type":"page","link":"https:\/\/dreidee.org\/","title":{"rendered":"Herzlich willkommen&#8230;"},"content":{"rendered":"\n<blockquote class=\"wp-block-quote is-layout-flow wp-block-quote-is-layout-flow\">\n<p>Hi, ich bin Oliver, wohne in <strong>Berlin<\/strong>, bin gelernter <strong>Mediengestalter <\/strong>und habe an der Filmhochschule Ludwigsburg im Animationsinstitut &#8222;was mit Medien&#8220; studiert. <\/p>\n\n\n\n<p>Mit dem ganzen Computergrafik-Thema spiele ich seit den fr\u00fchen 1990er Jahren. D.h. ich habe mich durch die \u00fcblichen Raubkopien (das ist jetzt verj\u00e4hrt, oder? Ist es,&#8230; ja? Ja?!? \ud83d\ude00 ) der fr\u00fchen PC-Jahre &#8211; noch unter MD-DOS &#8211; gew\u00fchlt. Nach einem kurzen Praktikum im Bereich dessen, was man 1998 begeistert &#8222;<strong>VR<\/strong>&#8220; (VRML zum Beispiel, irgendjemand?) nannte, wurde dann die Ausbildung absolviert und im Anschluss das Filmstudium im SWR Studio Baden-Baden als <strong>Tontechniker<\/strong> vorfinanziert. Mein Diplomfilm &#8222;Herbstlaub&#8220; (den Titel erkl\u00e4re ich bei einem alkoholfreien Bier) hat es dann immerhin ins <strong>Electronic Theater 2007<\/strong> und damit das <a href=\"https:\/\/history.siggraph.org\/animation-video-pod\/herbstlaub-by-filmakademie-baden-wurttemberg\/\" data-type=\"link\" data-id=\"https:\/\/history.siggraph.org\/animation-video-pod\/herbstlaub-by-filmakademie-baden-wurttemberg\/\">Archiv der Siggraph<\/a> geschafft. Zu meiner gro\u00dfen \u00dcberraschung und Freude wurde der Film auch auf einigen weiteren Festivals weltweit gezeigt und hin und wieder ausgezeichnet. Das gro\u00dfartige, mir vorher nicht bekannte aber wie die Faust aufs Auge passende <a href=\"https:\/\/www.puntoyrayafestival.com\/\"><strong>Punto y Raya<\/strong><\/a>-Festival (Punkt und Strich) ist <a href=\"https:\/\/www.puntoyrayafestival.com\/tv\/artists\/vogel-oliver\">mir<\/a> besonders an Herz gewachsen!<\/p>\n\n\n\n<p>Nach dem Studium folgte die spannende <strong>Freelancer<\/strong>-Zeit, mit lustigen Projekten mannigfaltigster Couleur: Messe-Visualisierungen (teils auf f\u00fcr damals absurde Mengen und Gr\u00f6\u00dfen an Displays), handels\u00fcbliche Produkt- und Imagefilme, Full-Dome-Produktionen f\u00fcr Planetarien sowie Werbung, Kinofilme und Beitr\u00e4ge zur Wissenschaftskommunikation.<\/p>\n\n\n\n<p>Besonders gut gefiel mir dabei, auf nahezu allen erdenklichen Instrumenten spielen zu d\u00fcrfen: Die komplette Palette der <strong>3D<\/strong>-Tools, also Modelling, Animation, FX\/Simulation, Shading\/Rendering; <strong>2D<\/strong>-Tasks wie Tracking, Compositing, Grading, Editing; <strong>Audio<\/strong>-Aufnahme, -Bearbeitung und -Schnitt&#8230; und immer wieder gab es in einem kreativen Team L\u00f6sungen zu finden f\u00fcr Dinge, f\u00fcr die es eben noch nicht direkt eine marktreife App gibt. \u00d6fter mal was Neues.<\/p>\n\n\n\n<p>Die letzten Jahre habe ich bei <a href=\"https:\/\/scanlinevfx.com\/\" data-type=\"link\" data-id=\"https:\/\/scanlinevfx.com\/\">ScanlineVFX<\/a> an <strong>Visuellen Effekten<\/strong> gearbeitet, in der Abteilung <strong>Layout<\/strong>. Dabei ging es um die Planung ganzer Shot-Sequenzen und Aufbereitung der Rohelemente (z. B. 3D-Kameras, Lidar-Scan-Daten, h\u00e4ufig auch Zusammenstellen mehrerer gefilmter Plates f\u00fcr einzelne Shots, Layout und ggf. Vor-Animation von 3D-Assets etc.) f\u00fcr die Weiterbearbeitung in den Folgeabteilungen. Also je nach Shot: direkt ins Lighting\/Rendering, oder vorher noch an die Animations- oder Effects\/Simulations-Kolleginnen. Besonders stolz bin ich auf unsere Arbeit an <a href=\"https:\/\/www.youtube.com\/watch?v=yzpfQPEhL3k\">Disney&#8217;s <strong>Star Wars: Andor<\/strong><\/a>. Das Making-Of von Staffel 2 gibt&#8217;s hoffentlich auch bald&#8230;<\/p>\n\n\n\n<p>Ich freue mich zudem \u00fcber mein zweites Standbein als <strong>Technischer Redakteur<\/strong>. Wenn also ein <strong>Medien-&#8222;Generalist&#8220;<\/strong> gebraucht wird, sind Sie bei mir vielleicht gar nicht so falsch.<\/p>\n\n\n\n<p>Auf dieser Webseite finden sich Links zu <a href=\"https:\/\/www.youtube.com\/@Theoldzitterhand\" data-type=\"link\" data-id=\"https:\/\/www.youtube.com\/@Theoldzitterhand\">YouTube<\/a> und <a href=\"https:\/\/vimeo.com\/user7861582\">Vimeo<\/a>, wo ich Arbeiten aus einer langen Zeit als Computergrafiker zur Schau stelle, einige davon mittlerweile auch eher &#8230; &#8222;historisch&#8220; interessant. Das neuste Reel w\u00e4re hingegen direkt hier zu finden: <a href=\"https:\/\/dreidee.org\/?p=260\" data-type=\"post\" data-id=\"260\">Demoreel 2025<\/a>. Auf meiner <a href=\"https:\/\/dreidee.org\/?page_id=516\" data-type=\"link\" data-id=\"https:\/\/dreidee.org\/?page_id=516\">Projekte<\/a>-Seite gibt es zudem eine Gallerie mit einer Auswahl von Arbeiten, an denen ich beteiligt sein durfte. Au\u00dferdem gibt&#8217;s ein paar Beispielvideos f\u00fcr Leute, die meinen, sie w\u00fcrden gerne meine Stimme h\u00f6ren.<\/p>\n\n\n\n<p>Sonnige Gr\u00fc\u00dfe!<\/p>\n\n\n\n<p>Oliver<\/p>\n<\/blockquote>\n","protected":false},"excerpt":{"rendered":"<p>Hi, ich bin Oliver, wohne in Berlin, bin gelernter Mediengestalter und habe an der Filmhochschule Ludwigsburg im Animationsinstitut &#8222;was mit Medien&#8220; studiert. Mit dem ganzen Computergrafik-Thema spiele ich seit den fr\u00fchen 1990er Jahren. D.h. ich habe mich durch die \u00fcblichen Raubkopien (das ist jetzt verj\u00e4hrt, oder? Ist es,&#8230; ja? Ja?!? \ud83d\ude00 ) der fr\u00fchen PC-Jahre &hellip; <\/p>\n<p class=\"link-more\"><a href=\"https:\/\/dreidee.org\/\" class=\"more-link\"><span class=\"screen-reader-text\">\u201eHerzlich willkommen&#8230;\u201c <\/span>weiterlesen<\/a><\/p>\n","protected":false},"author":1,"featured_media":0,"parent":0,"menu_order":0,"comment_status":"closed","ping_status":"open","template":"","meta":{"pgc_sgb_lightbox_settings":"","footnotes":""},"class_list":["post-2","page","type-page","status-publish","hentry"],"_links":{"self":[{"href":"https:\/\/dreidee.org\/index.php?rest_route=\/wp\/v2\/pages\/2","targetHints":{"allow":["GET"]}}],"collection":[{"href":"https:\/\/dreidee.org\/index.php?rest_route=\/wp\/v2\/pages"}],"about":[{"href":"https:\/\/dreidee.org\/index.php?rest_route=\/wp\/v2\/types\/page"}],"author":[{"embeddable":true,"href":"https:\/\/dreidee.org\/index.php?rest_route=\/wp\/v2\/users\/1"}],"replies":[{"embeddable":true,"href":"https:\/\/dreidee.org\/index.php?rest_route=%2Fwp%2Fv2%2Fcomments&post=2"}],"version-history":[{"count":10,"href":"https:\/\/dreidee.org\/index.php?rest_route=\/wp\/v2\/pages\/2\/revisions"}],"predecessor-version":[{"id":653,"href":"https:\/\/dreidee.org\/index.php?rest_route=\/wp\/v2\/pages\/2\/revisions\/653"}],"wp:attachment":[{"href":"https:\/\/dreidee.org\/index.php?rest_route=%2Fwp%2Fv2%2Fmedia&parent=2"}],"curies":[{"name":"wp","href":"https:\/\/api.w.org\/{rel}","templated":true}]}}